{"id":280,"date":"2013-02-26T18:14:33","date_gmt":"2013-02-26T17:14:33","guid":{"rendered":"http:\/\/www.ehesp.fr\/annuaire\/?page_id=280"},"modified":"2013-02-26T18:16:02","modified_gmt":"2013-02-26T17:16:02","slug":"discover-the-activities-of-ehesps-teaching-and-research-staff","status":"publish","type":"page","link":"https:\/\/www.ehesp.fr\/annuaire\/en\/","title":{"rendered":"Discover the activities of EHESP&#8217;s Teaching and Research staff"},"content":{"rendered":"<p><a title=\"Liste du personnel d\u2019enseignement et de recherche de l\u2019EHESP\" href=\"https:\/\/www.ehesp.fr\/annuaire\/liste-du-personnel-denseignement-et-de-recherche-de-lehesp\/\">Go to the whole list of EHESP&#8217;s teaching and research staff<\/a>.<\/p>\n<p>This search engine will lead you to the individual pages of EHESP&#8217;s teaching and research staff:<\/p>\n<form method=\"post\" action=\"\" class=\"pp\">\r\n    <fieldset>\r\n        <p>\r\n            <label for=\"kw\">Criteria<\/label>\r\n            <input class=\"text\" type=\"text\" name=\"kw\" id=\"kw\" value=\"\" placeholder=\"firstname, lastname, keywords, etc.\"\/>\r\n        <\/p>\r\n        <p>\r\n            <label for=\"ee\">Affiliation<\/label>\r\n            <select name=\"ee\" id=\"ee\">\r\n                <option value=\"\">Select Affiliation<\/option>\r\n                                                        <option value=\"33\" >Chair of Research on Youth<\/option>\r\n                                                        <option value=\"264\" >Childhood, well-being and parenting Chair<\/option>\r\n                                                        <option value=\"51\" >Collectif de recherche sur le handicap, l\u2019autonomie, soci\u00e9t\u00e9 inclusive (CoRHASI)<\/option>\r\n                                                        <option value=\"347\" >D\u00e9partement M\u00e9thodes quantitatives en sant\u00e9 publique (METIS)<\/option>\r\n                                                        <option value=\"47\" >Department of environmental and occupational health<\/option>\r\n                                                        <option value=\"44\" >Department of Human and Social Sciences<\/option>\r\n                                                        <option value=\"46\" >Department of Quantitative Methods in Public Health<\/option>\r\n                                                        <option value=\"353\" >Department of Quantitative Methods in Public Health<\/option>\r\n                                                        <option value=\"194\" >Doctoral Network of Public Health<\/option>\r\n                                                        <option value=\"265\" >EA 7449 REPERES (Recherche en Pharmaco-\u00e9pid\u00e9miologie et Recours aux Soins)<\/option>\r\n                                                        <option value=\"38\" >Health technologies management Chair<\/option>\r\n                                                        <option value=\"162\" >Healthcare organisation management (EA 7348 MOS)<\/option>\r\n                                                        <option value=\"235\" >INCa\/IReSP\/EHESP Chair for research in cancer prevention<\/option>\r\n                                                        <option value=\"40\" >INPES Health Promotion Chair at the EHESP<\/option>\r\n                                                        <option value=\"49\" >Institute of Management<\/option>\r\n                                                        <option value=\"164\" >Laboratoire d'\u00e9tude et de recherche en environnement et sant\u00e9 (LERES)<\/option>\r\n                                                        <option value=\"37\" >Management of Health Facilities Chair<\/option>\r\n                                                        <option value=\"261\" >Prospective in Health Chair<\/option>\r\n                                                        <option value=\"52\" >UMR 1085 IRSET<\/option>\r\n                                                        <option value=\"54\" >UMR 6051 ARENES<\/option>\r\n                            <\/select>\r\n        <\/p>\r\n\r\n        <input type=\"submit\" value=\"Search\" name=\"pp_search\"\/>\r\n    <\/fieldset>\r\n<\/form>\n\n","protected":false},"excerpt":{"rendered":"<p>Go to the whole list of EHESP&#8217;s teaching and research staff. This search engine will lead you to the individual pages of EHESP&#8217;s teaching and research staff:<\/p>\n","protected":false},"author":1,"featured_media":0,"parent":0,"menu_order":0,"comment_status":"closed","ping_status":"closed","template":"","meta":{"_relevanssi_hide_post":"","_relevanssi_hide_content":"","_relevanssi_pin_for_all":"","_relevanssi_pin_keywords":"","_relevanssi_unpin_keywords":"","_relevanssi_related_keywords":"","_relevanssi_related_include_ids":"","_relevanssi_related_exclude_ids":"","_relevanssi_related_no_append":"","_relevanssi_related_not_related":"","_relevanssi_related_posts":"","_relevanssi_noindex_reason":"","footnotes":""},"class_list":["post-280","page","type-page","status-publish","hentry"],"_links":{"self":[{"href":"https:\/\/www.ehesp.fr\/annuaire\/en\/wp-json\/wp\/v2\/pages\/280","targetHints":{"allow":["GET"]}}],"collection":[{"href":"https:\/\/www.ehesp.fr\/annuaire\/en\/wp-json\/wp\/v2\/pages"}],"about":[{"href":"https:\/\/www.ehesp.fr\/annuaire\/en\/wp-json\/wp\/v2\/types\/page"}],"author":[{"embeddable":true,"href":"https:\/\/www.ehesp.fr\/annuaire\/en\/wp-json\/wp\/v2\/users\/1"}],"replies":[{"embeddable":true,"href":"https:\/\/www.ehesp.fr\/annuaire\/en\/wp-json\/wp\/v2\/comments?post=280"}],"version-history":[{"count":2,"href":"https:\/\/www.ehesp.fr\/annuaire\/en\/wp-json\/wp\/v2\/pages\/280\/revisions"}],"predecessor-version":[{"id":284,"href":"https:\/\/www.ehesp.fr\/annuaire\/en\/wp-json\/wp\/v2\/pages\/280\/revisions\/284"}],"wp:attachment":[{"href":"https:\/\/www.ehesp.fr\/annuaire\/en\/wp-json\/wp\/v2\/media?parent=280"}],"curies":[{"name":"wp","href":"https:\/\/api.w.org\/{rel}","templated":true}]}}