{"id":819,"date":"2013-12-04T17:44:10","date_gmt":"2013-12-04T16:44:10","guid":{"rendered":"http:\/\/www.ehesp.fr\/annuaire\/?page_id=819"},"modified":"2019-03-04T17:45:19","modified_gmt":"2019-03-04T16:45:19","slug":"privacy-policy","status":"publish","type":"page","link":"https:\/\/www.ehesp.fr\/annuaire\/en\/privacy-policy\/","title":{"rendered":"Privacy policy"},"content":{"rendered":"<h2>Editorial content managed by<\/h2>\n<ul>\n<li><strong>\u00c9cole des hautes \u00e9tudes en sant\u00e9 publique<\/strong><br \/>\navenue du Pr. L\u00e9on Bernard<br \/>\n35043 Rennes<br \/>\nT\u00e9l. : +33 (0) 2 99 02 22 00<\/li>\n<li>Managing editor : Laurent Chambaud<\/li>\n<\/ul>\n<h2>Hosting<\/h2>\n<p>\u00c9cole des hautes \u00e9tudes en sant\u00e9 publique<br \/>\nService informatique et t\u00e9l\u00e9communications (SIT)<br \/>\navenue du Pr. L\u00e9on Bernard<br \/>\n35043 Rennes<\/p>\n<h2>Web development and webdesign<\/h2>\n<p><a href=\"https:\/\/www.artwai.com\/\" target=\"_blank\" rel=\"noopener\">Artwa\u00ef, Agence Web Rennes<\/a><br \/>\nLa Pelousi\u00e8re<br \/>\n35630 Langou\u00ebt<\/p>\n<h2>Intellectual property<\/h2>\n<p>This site is subject to French and international copyright and intellectual property law. All rights of reproduction are reserved, including downloadable documents and iconographic and photographic images.<\/p>\n<p>This site may not be reproduced, in part or as a whole, on any form of electronic medium whatsoever unless expressly authorised by the publicity service manager.<\/p>\n<p>Documents on this site may be reproduced on paper, for example for teaching purposes, subject to the following conditions:<\/p>\n<ul>\n<li>the documents are distributed free of charge,<\/li>\n<li>the integrity of the documents is maintained: the documents may not be modified or changed in any way and extracts must give the source clearly and legibly, for example in the form &#8220;This document comes from the EHESP web site: <a href=\"https:\/\/www.ehesp.fr\/\">https:\/\/www.ehesp.fr<\/a>. Reproduction rights are reserved and strictly limited&#8221;.<\/li>\n<li>The address of the EHESP web site must appear in the reference.<\/li>\n<li>Please contact the EHESP if you wish to use the documents in any other way.<\/li>\n<\/ul>\n<h2 id=\"front-title\">Photo credit<\/h2>\n<p>\u00a9 M. Bacou<br \/>\n\u00a9 JM. Denis<br \/>\n\u00a9 B. Duquenne<br \/>\n\u00a9 E. Gallacier<br \/>\n\u00a9 D. Larcher<br \/>\n\u00a9 V. Strauss<br \/>\n\u00a9 P. Tressos<\/p>\n<h2>Official documents on the site<\/h2>\n<p>Only documents published in the paper edition of the Official Journal are binding. To obtain a copy of these documents, make a note of the reference of the Official Journal in which the relevant documents appear and order the corresponding copy from the Official Journal.<\/p>\n<p>Documents distributed electronically on this site have been checked thoroughly but may still contain errors. If you come across any errors, please tell us by contacting the webmaster. We will make the necessary corrections immediately. However, the documents may have been updated between the time of downloading and the time of use.<\/p>\n<h2>Data protection on the EHESP site<\/h2>\n<ul>\n<li>No personal data is collected without your knowledge<\/li>\n<li>No personal data is passed on to third parties<\/li>\n<li>Personal data will only be for the purposes for which it was collected<\/li>\n<\/ul>\n<h2>E-mail<\/h2>\n<p>E-mails sent over the Internet may be intercepted. Do not reveal unnecessary or sensitive personal information. If you with to give us such information, this should be sent by post.<\/p>\n<h2>Personal data distributed on the site<\/h2>\n<p>You have the right to access, modify, correct or delete personal data about you (1998 Data Protection Act).<br \/>\nInquiries should be sent to the webmaster: Direction de la Communication, \u00c9cole des Hautes \u00c9tudes en Sant\u00e9 Publique, Avenue du professeur L\u00e9on Bernard, 35 043 Rennes cedex or to webmaster(at)ehesp.fr<br \/>\n<a class=\"top-link\" href=\"#top\">Back to top<\/a><\/p>\n","protected":false},"excerpt":{"rendered":"<p>Editorial content managed by \u00c9cole des hautes \u00e9tudes en sant\u00e9 publique avenue du Pr. L\u00e9on Bernard 35043 Rennes T\u00e9l. : +33 (0) 2 99 02 22 00 Managing editor :&#8230;<br \/><a class=\"more-link\" href=\"https:\/\/www.ehesp.fr\/annuaire\/en\/privacy-policy\/\">Read more &raquo;<\/a><\/p>\n","protected":false},"author":1,"featured_media":0,"parent":0,"menu_order":0,"comment_status":"closed","ping_status":"closed","template":"","meta":{"_relevanssi_hide_post":"","_relevanssi_hide_content":"","_relevanssi_pin_for_all":"","_relevanssi_pin_keywords":"","_relevanssi_unpin_keywords":"","_relevanssi_related_keywords":"","_relevanssi_related_include_ids":"","_relevanssi_related_exclude_ids":"","_relevanssi_related_no_append":"","_relevanssi_related_not_related":"","_relevanssi_related_posts":"","_relevanssi_noindex_reason":"","footnotes":""},"class_list":["post-819","page","type-page","status-publish","hentry"],"_links":{"self":[{"href":"https:\/\/www.ehesp.fr\/annuaire\/en\/wp-json\/wp\/v2\/pages\/819","targetHints":{"allow":["GET"]}}],"collection":[{"href":"https:\/\/www.ehesp.fr\/annuaire\/en\/wp-json\/wp\/v2\/pages"}],"about":[{"href":"https:\/\/www.ehesp.fr\/annuaire\/en\/wp-json\/wp\/v2\/types\/page"}],"author":[{"embeddable":true,"href":"https:\/\/www.ehesp.fr\/annuaire\/en\/wp-json\/wp\/v2\/users\/1"}],"replies":[{"embeddable":true,"href":"https:\/\/www.ehesp.fr\/annuaire\/en\/wp-json\/wp\/v2\/comments?post=819"}],"version-history":[{"count":2,"href":"https:\/\/www.ehesp.fr\/annuaire\/en\/wp-json\/wp\/v2\/pages\/819\/revisions"}],"predecessor-version":[{"id":2778,"href":"https:\/\/www.ehesp.fr\/annuaire\/en\/wp-json\/wp\/v2\/pages\/819\/revisions\/2778"}],"wp:attachment":[{"href":"https:\/\/www.ehesp.fr\/annuaire\/en\/wp-json\/wp\/v2\/media?parent=819"}],"curies":[{"name":"wp","href":"https:\/\/api.w.org\/{rel}","templated":true}]}}