{"id":2876,"date":"2019-07-22T11:01:31","date_gmt":"2019-07-22T10:01:31","guid":{"rendered":"https:\/\/www.ehesp.fr\/annuaire\/?page_id=2876"},"modified":"2019-07-22T11:01:32","modified_gmt":"2019-07-22T10:01:32","slug":"informatique-et-libertes","status":"publish","type":"page","link":"https:\/\/www.ehesp.fr\/annuaire\/informatique-et-libertes\/","title":{"rendered":"Informatique et libert\u00e9s"},"content":{"rendered":"\n<p>L\u2019\u00c9cole des hautes \u00e9tudes en sant\u00e9 publique est un \u00e9tablissement public qui exerce une double mission de formation et de recherche en sant\u00e9 publique et action sociale. Dans le cadre de ses activit\u00e9s de formation, d\u2019expertise et de recherche, des informations peuvent \u00eatre recueillies par l\u2019interm\u00e9diaire de formulaires et dans ce cas, faire l\u2019objet d\u2019un traitement informatique par les services de l&rsquo;EHESP. <\/p>\n\n\n\n<p>Conform\u00e9ment \u00e0 la loi \u00ab informatique et libert\u00e9s \u00bb du 6 janvier 1978 modifi\u00e9e et au RGPD 2016\/679 du 27 avril 2016, vous b\u00e9n\u00e9ficiez d\u2019un droit d\u2019acc\u00e8s, d\u2019interrogation, de rectification et de suppression des informations qui vous concernent. Vous pouvez \u00e9galement, pour des motifs l\u00e9gitimes, vous opposer au traitement de ces donn\u00e9es.<\/p>\n\n\n\n<p>Si vous souhaitez exercer ces droits ou obtenir communication des informations vous concernant, veuillez  vous adresser :<\/p>\n\n\n\n<ul class=\"wp-block-list\"><li>\u00e0 la <strong>Direction de la communication<\/strong> par courrier \u00e0 l&rsquo;adresse suivante : \u00c9cole des  hautes \u00e9tudes en sant\u00e9 publique, 15 avenue du professeur L\u00e9on Bernard &#8211; CS 74312 &#8211; 35043 Rennes cedex ou par email \u00e0 <a href=\"mailto:webmaster@ehesp.fr\">webmaster@ehesp.fr<\/a><\/li><li>au <strong>D\u00e9l\u00e9gu\u00e9 \u00e0 la protection des donn\u00e9es<\/strong> (DPO) responsable du traitement des donn\u00e9es \u00e0 caract\u00e8re personnel \u00e0 l\u2019EHESP par email <a rel=\"noreferrer noopener\" aria-label=\" (s\u2019ouvre dans un nouvel onglet)\" href=\"mailto:cil@ehesp.fr\" target=\"_blank\">cil@ehesp.fr<\/a><\/li><\/ul>\n\n\n\n<p>Enfin, vous avez la possibilit\u00e9, \u00e0 tout moment, de formuler une r\u00e9clamation ou des observations aupr\u00e8s de la Commission Nationale de l\u2019Informatique et des Libert\u00e9s (CNIL) en envoyant un courrier \u00e0 l\u2019adresse suivante : CNIL, 3 Place de Fontenoy TSA 80715 75334 Paris Cedex 07 ou par t\u00e9l\u00e9phone au +33 (0)1 53 73 22 22.<\/p>\n","protected":false},"excerpt":{"rendered":"<p>L\u2019\u00c9cole des hautes \u00e9tudes en sant\u00e9 publique est un \u00e9tablissement public qui exerce une double mission de formation et de recherche en sant\u00e9 publique et action sociale. Dans le cadre&#8230;<br \/><a class=\"more-link\" href=\"https:\/\/www.ehesp.fr\/annuaire\/informatique-et-libertes\/\">Read more &raquo;<\/a><\/p>\n","protected":false},"author":404,"featured_media":0,"parent":0,"menu_order":0,"comment_status":"closed","ping_status":"closed","template":"","meta":{"_relevanssi_hide_post":"","_relevanssi_hide_content":"","_relevanssi_pin_for_all":"","_relevanssi_pin_keywords":"","_relevanssi_unpin_keywords":"","_relevanssi_related_keywords":"","_relevanssi_related_include_ids":"","_relevanssi_related_exclude_ids":"","_relevanssi_related_no_append":"","_relevanssi_related_not_related":"","_relevanssi_related_posts":"","_relevanssi_noindex_reason":"","footnotes":""},"class_list":["post-2876","page","type-page","status-publish","hentry"],"_links":{"self":[{"href":"https:\/\/www.ehesp.fr\/annuaire\/wp-json\/wp\/v2\/pages\/2876","targetHints":{"allow":["GET"]}}],"collection":[{"href":"https:\/\/www.ehesp.fr\/annuaire\/wp-json\/wp\/v2\/pages"}],"about":[{"href":"https:\/\/www.ehesp.fr\/annuaire\/wp-json\/wp\/v2\/types\/page"}],"author":[{"embeddable":true,"href":"https:\/\/www.ehesp.fr\/annuaire\/wp-json\/wp\/v2\/users\/404"}],"replies":[{"embeddable":true,"href":"https:\/\/www.ehesp.fr\/annuaire\/wp-json\/wp\/v2\/comments?post=2876"}],"version-history":[{"count":2,"href":"https:\/\/www.ehesp.fr\/annuaire\/wp-json\/wp\/v2\/pages\/2876\/revisions"}],"predecessor-version":[{"id":2878,"href":"https:\/\/www.ehesp.fr\/annuaire\/wp-json\/wp\/v2\/pages\/2876\/revisions\/2878"}],"wp:attachment":[{"href":"https:\/\/www.ehesp.fr\/annuaire\/wp-json\/wp\/v2\/media?parent=2876"}],"curies":[{"name":"wp","href":"https:\/\/api.w.org\/{rel}","templated":true}]}}