{"id":6,"date":"2013-02-21T13:36:35","date_gmt":"2013-02-21T12:36:35","guid":{"rendered":"http:\/\/www.ehesp.fr\/annuaire\/?page_id=6"},"modified":"2014-05-21T11:21:14","modified_gmt":"2014-05-21T10:21:14","slug":"decouvrez-les-activites-du-personnel-denseignement-et-de-recherche-de-lehesp","status":"publish","type":"page","link":"https:\/\/www.ehesp.fr\/annuaire\/","title":{"rendered":"D\u00e9couvrez les activit\u00e9s du personnel d&rsquo;enseignement et de recherche de l&rsquo;EHESP et du r\u00e9seau doctoral"},"content":{"rendered":"<p>Ce site vous pr\u00e9sente sous forme de fiches individuelles bilingues fran\u00e7ais\/anglais, les <strong>activit\u00e9s<\/strong> et <strong>comp\u00e9tences<\/strong> du personnel d\u2019enseignement et de recherche de l\u2019EHESP \u00a0et du r\u00e9seau doctoral\u00a0(<em>enseignants-chercheurs, ing\u00e9nieurs d\u2019\u00e9tude et de recherche et doctorants<\/em>).<\/p>\n<p><a title=\"Liste du personnel d\u2019enseignement et de recherche de l\u2019EHESP\" href=\"https:\/\/www.ehesp.fr\/annuaire\/liste-du-personnel-denseignement-et-de-recherche-de-lehesp\/\">Acc\u00e9dez \u00e0 la liste int\u00e9grale du personnel d&rsquo;enseignement et de recherche de l&rsquo;EHESP (<em>class\u00e9e par ordre alphab\u00e9tique<\/em>)<\/a><\/p>\n<p>Ce moteur de recherche vous permet d&rsquo;acc\u00e9der aux pages individuelles du personnel d&rsquo;enseignement et de recherche de l&rsquo;EHESP :<\/p>\n<form method=\"post\" action=\"\" class=\"pp\">\r\n    <fieldset>\r\n        <p>\r\n            <label for=\"kw\">Crit\u00e8res<\/label>\r\n            <input class=\"text\" type=\"text\" name=\"kw\" id=\"kw\" value=\"\" placeholder=\"pr\u00e9nom, nom, mots-cl\u00e9s, etc.\"\/>\r\n        <\/p>\r\n        <p>\r\n            <label for=\"ee\">Appartenance<\/label>\r\n            <select name=\"ee\" id=\"ee\">\r\n                <option value=\"\">Choisir une entit\u00e9<\/option>\r\n                                                        <option value=\"257\" >Chaire \"prospective en sant\u00e9\"<\/option>\r\n                                                        <option value=\"21\" >Chaire de recherche sur la jeunesse<\/option>\r\n                                                        <option value=\"252\" >Chaire \u00ab enfance, bien-\u00eatre et parentalit\u00e9 \u00bb<\/option>\r\n                                                        <option value=\"25\" >Chaire \u00ab Management des \u00e9tablissements de sant\u00e9 \u00bb<\/option>\r\n                                                        <option value=\"24\" >Chaire \u00ab Management des technologies de sant\u00e9 \u00bb<\/option>\r\n                                                        <option value=\"12\" >Collectif de recherche sur le handicap, l\u2019autonomie, soci\u00e9t\u00e9 inclusive (CoRHASI)<\/option>\r\n                                                        <option value=\"6\" >D\u00e9partement des sciences en sant\u00e9 environnementale (DEESSE)<\/option>\r\n                                                        <option value=\"7\" >D\u00e9partement des sciences humaines et sociales (SHS)<\/option>\r\n                                                        <option value=\"5\" >D\u00e9partement M\u00e9thodes quantitatives en sant\u00e9 publique (METIS)<\/option>\r\n                                                        <option value=\"355\" >Department of Quantitative Methods in Public Health<\/option>\r\n                                                        <option value=\"46\" >Department of Quantitative Methods in Public Health<\/option>\r\n                                                        <option value=\"295\" >Doctoral Network of Public Health<\/option>\r\n                                                        <option value=\"9\" >Institut du Management (IdM)<\/option>\r\n                                                        <option value=\"163\" >Laboratoire d'\u00e9tude et de recherche en environnement et sant\u00e9 (LERES)<\/option>\r\n                                                        <option value=\"166\" >R\u00e9seau doctoral<\/option>\r\n                                                        <option value=\"27\" >UMR 1085 Institut de recherche sur la sant\u00e9 l'environnement et le travail (IRSET)<\/option>\r\n                                                        <option value=\"308\" >UMR 1085 IRSET<\/option>\r\n                                                        <option value=\"29\" >UMR 6051 ARENES<\/option>\r\n                            <\/select>\r\n        <\/p>\r\n\r\n        <input type=\"submit\" value=\"Recherche\" name=\"pp_search\"\/>\r\n    <\/fieldset>\r\n<\/form>\n\n","protected":false},"excerpt":{"rendered":"<p>Ce site vous pr\u00e9sente sous forme de fiches individuelles bilingues fran\u00e7ais\/anglais, les activit\u00e9s et comp\u00e9tences du personnel d\u2019enseignement et de recherche de l\u2019EHESP \u00a0et du r\u00e9seau doctoral\u00a0(enseignants-chercheurs, ing\u00e9nieurs d\u2019\u00e9tude et&#8230;<br \/><a class=\"more-link\" href=\"https:\/\/www.ehesp.fr\/annuaire\/\">Read more &raquo;<\/a><\/p>\n","protected":false},"author":1,"featured_media":0,"parent":0,"menu_order":0,"comment_status":"closed","ping_status":"closed","template":"","meta":{"_relevanssi_hide_post":"","_relevanssi_hide_content":"","_relevanssi_pin_for_all":"","_relevanssi_pin_keywords":"","_relevanssi_unpin_keywords":"","_relevanssi_related_keywords":"","_relevanssi_related_include_ids":"","_relevanssi_related_exclude_ids":"","_relevanssi_related_no_append":"","_relevanssi_related_not_related":"","_relevanssi_related_posts":"","_relevanssi_noindex_reason":"","footnotes":""},"class_list":["post-6","page","type-page","status-publish","hentry"],"_links":{"self":[{"href":"https:\/\/www.ehesp.fr\/annuaire\/wp-json\/wp\/v2\/pages\/6","targetHints":{"allow":["GET"]}}],"collection":[{"href":"https:\/\/www.ehesp.fr\/annuaire\/wp-json\/wp\/v2\/pages"}],"about":[{"href":"https:\/\/www.ehesp.fr\/annuaire\/wp-json\/wp\/v2\/types\/page"}],"author":[{"embeddable":true,"href":"https:\/\/www.ehesp.fr\/annuaire\/wp-json\/wp\/v2\/users\/1"}],"replies":[{"embeddable":true,"href":"https:\/\/www.ehesp.fr\/annuaire\/wp-json\/wp\/v2\/comments?post=6"}],"version-history":[{"count":15,"href":"https:\/\/www.ehesp.fr\/annuaire\/wp-json\/wp\/v2\/pages\/6\/revisions"}],"predecessor-version":[{"id":1061,"href":"https:\/\/www.ehesp.fr\/annuaire\/wp-json\/wp\/v2\/pages\/6\/revisions\/1061"}],"wp:attachment":[{"href":"https:\/\/www.ehesp.fr\/annuaire\/wp-json\/wp\/v2\/media?parent=6"}],"curies":[{"name":"wp","href":"https:\/\/api.w.org\/{rel}","templated":true}]}}