{"id":2,"date":"2016-10-14T11:27:45","date_gmt":"2016-10-14T09:27:45","guid":{"rendered":"http:\/\/www.ehesp.fr\/ressources-chaire-management-des-etablissements-de-sante\/?page_id=2"},"modified":"2019-08-28T11:26:05","modified_gmt":"2019-08-28T09:26:05","slug":"page-d-exemple","status":"publish","type":"page","link":"https:\/\/www.ehesp.fr\/ressources-chaire-management-des-etablissements-de-sante\/","title":{"rendered":"Centre de ressources \u2013 Chaire Management des \u00e9tablissements de sant\u00e9"},"content":{"rendered":"<p><a class=\"twitter-timeline\" data-height=\"400\" href=\"https:\/\/twitter.com\/EHESPchaireMES?ref_src=twsrc%5Etfw\">Tweets by EHESPchaireMES<\/a><br \/>\n<div id=\"post-640\" class=\"two-block\"><img loading=\"lazy\" decoding=\"async\" width=\"150\" height=\"150\" src=\"https:\/\/www.ehesp.fr\/ressources-chaire-management-des-etablissements-de-sante\/wp-content\/uploads\/sites\/3\/2018\/11\/Ouvrage-Management_Minvielle_978-2-8109-0720-5-271x415-150x150.jpg\" class=\"alignleft wp-post-image\" alt=\"\" \/><h2 class=\"news-title\">Manager une organisation de sant\u00e9 \u2013 E. Minvielle et al.<\/h2><div class=\"entry-content\"><p> <a href=\"https:\/\/www.ehesp.fr\/ressources-chaire-management-des-etablissements-de-sante\/manager-une-organisation-de-sante-e-minvielle-et-al\/#more-640\" class=\"more-link\">Read more &raquo;<\/a><\/p>\n<\/div><\/div><div id=\"post-157\" class=\"two-block-alt\"><img loading=\"lazy\" decoding=\"async\" width=\"150\" height=\"150\" src=\"https:\/\/www.ehesp.fr\/ressources-chaire-management-des-etablissements-de-sante\/wp-content\/uploads\/sites\/3\/2017\/10\/homme-et-femme-presentant-leur-entreprise-de-projet_3446-694_300px-150x150.jpg\" class=\"alignleft wp-post-image\" alt=\"\" srcset=\"https:\/\/www.ehesp.fr\/ressources-chaire-management-des-etablissements-de-sante\/wp-content\/uploads\/sites\/3\/2017\/10\/homme-et-femme-presentant-leur-entreprise-de-projet_3446-694_300px-150x150.jpg 150w, https:\/\/www.ehesp.fr\/ressources-chaire-management-des-etablissements-de-sante\/wp-content\/uploads\/sites\/3\/2017\/10\/homme-et-femme-presentant-leur-entreprise-de-projet_3446-694_300px-110x110.jpg 110w, https:\/\/www.ehesp.fr\/ressources-chaire-management-des-etablissements-de-sante\/wp-content\/uploads\/sites\/3\/2017\/10\/homme-et-femme-presentant-leur-entreprise-de-projet_3446-694_300px-140x140.jpg 140w, https:\/\/www.ehesp.fr\/ressources-chaire-management-des-etablissements-de-sante\/wp-content\/uploads\/sites\/3\/2017\/10\/homme-et-femme-presentant-leur-entreprise-de-projet_3446-694_300px-160x160.jpg 160w, https:\/\/www.ehesp.fr\/ressources-chaire-management-des-etablissements-de-sante\/wp-content\/uploads\/sites\/3\/2017\/10\/homme-et-femme-presentant-leur-entreprise-de-projet_3446-694_300px-250x250.jpg 250w, https:\/\/www.ehesp.fr\/ressources-chaire-management-des-etablissements-de-sante\/wp-content\/uploads\/sites\/3\/2017\/10\/homme-et-femme-presentant-leur-entreprise-de-projet_3446-694_300px.jpg 300w\" sizes=\"auto, (max-width: 150px) 100vw, 150px\" \/><h2 class=\"news-title\">Retours sur le colloque : les innovations organisationnelles en sant\u00e9 &#8211; 28 juin 2018<\/h2><div class=\"entry-content\"><p> <a href=\"https:\/\/www.ehesp.fr\/ressources-chaire-management-des-etablissements-de-sante\/4e-journee-des-innovations-manageriales-a-lhopital-28-juin-2018\/#more-157\" class=\"more-link\">Read more &raquo;<\/a><\/p>\n<\/div><\/div><div class=\"clear\"><\/div><div id=\"post-18\" class=\"two-block\"><img loading=\"lazy\" decoding=\"async\" width=\"150\" height=\"150\" src=\"https:\/\/www.ehesp.fr\/ressources-chaire-management-des-etablissements-de-sante\/wp-content\/uploads\/sites\/3\/2016\/10\/hospital6-150x150.png\" class=\"alignleft wp-post-image\" alt=\"\" \/><h2 class=\"news-title\">S\u00e9minaires Chaire management des \u00e9tablissements de sant\u00e9<\/h2><div class=\"entry-content\"><p> <a href=\"https:\/\/www.ehesp.fr\/ressources-chaire-management-des-etablissements-de-sante\/seminaires-chaire-management-des-etablissements-de-sante\/#more-18\" class=\"more-link\">Read more &raquo;<\/a><\/p>\n<\/div><\/div><div id=\"post-108\" class=\"two-block-alt\"><img loading=\"lazy\" decoding=\"async\" width=\"150\" height=\"150\" src=\"https:\/\/www.ehesp.fr\/ressources-chaire-management-des-etablissements-de-sante\/wp-content\/uploads\/sites\/3\/2016\/10\/MINVIELLE_978-2-8427-6239-1-x270-150x150.jpg\" class=\"alignleft wp-post-image\" alt=\"\" \/><h2 class=\"news-title\">Le patient et le syst\u00e8me &#8211; E. Minvielle<\/h2><div class=\"entry-content\"><p> <a href=\"https:\/\/www.ehesp.fr\/ressources-chaire-management-des-etablissements-de-sante\/ouvrages\/#more-108\" class=\"more-link\">Read more &raquo;<\/a><\/p>\n<\/div><\/div><div class=\"clear\"><\/div><\/p>\n","protected":false},"excerpt":{"rendered":"<p>Tweets by EHESPchaireMES<\/p>\n","protected":false},"author":1,"featured_media":446,"parent":0,"menu_order":0,"comment_status":"closed","ping_status":"open","template":"","meta":{"footnotes":""},"class_list":["post-2","page","type-page","status-publish","has-post-thumbnail","hentry"],"_links":{"self":[{"href":"https:\/\/www.ehesp.fr\/ressources-chaire-management-des-etablissements-de-sante\/wp-json\/wp\/v2\/pages\/2","targetHints":{"allow":["GET"]}}],"collection":[{"href":"https:\/\/www.ehesp.fr\/ressources-chaire-management-des-etablissements-de-sante\/wp-json\/wp\/v2\/pages"}],"about":[{"href":"https:\/\/www.ehesp.fr\/ressources-chaire-management-des-etablissements-de-sante\/wp-json\/wp\/v2\/types\/page"}],"author":[{"embeddable":true,"href":"https:\/\/www.ehesp.fr\/ressources-chaire-management-des-etablissements-de-sante\/wp-json\/wp\/v2\/users\/1"}],"replies":[{"embeddable":true,"href":"https:\/\/www.ehesp.fr\/ressources-chaire-management-des-etablissements-de-sante\/wp-json\/wp\/v2\/comments?post=2"}],"version-history":[{"count":22,"href":"https:\/\/www.ehesp.fr\/ressources-chaire-management-des-etablissements-de-sante\/wp-json\/wp\/v2\/pages\/2\/revisions"}],"predecessor-version":[{"id":651,"href":"https:\/\/www.ehesp.fr\/ressources-chaire-management-des-etablissements-de-sante\/wp-json\/wp\/v2\/pages\/2\/revisions\/651"}],"wp:featuredmedia":[{"embeddable":true,"href":"https:\/\/www.ehesp.fr\/ressources-chaire-management-des-etablissements-de-sante\/wp-json\/wp\/v2\/media\/446"}],"wp:attachment":[{"href":"https:\/\/www.ehesp.fr\/ressources-chaire-management-des-etablissements-de-sante\/wp-json\/wp\/v2\/media?parent=2"}],"curies":[{"name":"wp","href":"https:\/\/api.w.org\/{rel}","templated":true}]}}