{"id":7,"date":"2016-10-14T14:42:19","date_gmt":"2016-10-14T12:42:19","guid":{"rendered":"http:\/\/www.ehesp.fr\/ressources-chaire-management-des-etablissements-de-sante\/?page_id=7"},"modified":"2019-08-28T11:15:06","modified_gmt":"2019-08-28T09:15:06","slug":"1-articles-et-publications","status":"publish","type":"page","link":"https:\/\/www.ehesp.fr\/ressources-chaire-management-des-etablissements-de-sante\/1-articles-et-publications\/","title":{"rendered":"Articles et publications"},"content":{"rendered":"<h2>Dossiers publi\u00e9s dans Gestions hospitali\u00e8res<\/h2>\n<p>Plusieurs rencontres professionnels-chercheurs de la chaire ont donn\u00e9 lieu \u00e0 la publication d&rsquo;articles de synth\u00e8se et analyse des retours d&rsquo;exp\u00e9rience, dont le dernier est :<\/p>\n<h3>Un an apr\u00e8s, les facteurs de r\u00e9ussite des GHT<img loading=\"lazy\" decoding=\"async\" class=\"alignright wp-image-294\" src=\"https:\/\/www.ehesp.fr\/ressources-chaire-management-des-etablissements-de-sante\/wp-content\/uploads\/sites\/3\/2018\/03\/GestionsHospitalieres_couv_571-217x300.png\" alt=\"\" width=\"150\" height=\"207\" srcset=\"https:\/\/www.ehesp.fr\/ressources-chaire-management-des-etablissements-de-sante\/wp-content\/uploads\/sites\/3\/2018\/03\/GestionsHospitalieres_couv_571-217x300.png 217w, https:\/\/www.ehesp.fr\/ressources-chaire-management-des-etablissements-de-sante\/wp-content\/uploads\/sites\/3\/2018\/03\/GestionsHospitalieres_couv_571-80x110.png 80w, https:\/\/www.ehesp.fr\/ressources-chaire-management-des-etablissements-de-sante\/wp-content\/uploads\/sites\/3\/2018\/03\/GestionsHospitalieres_couv_571-101x140.png 101w, https:\/\/www.ehesp.fr\/ressources-chaire-management-des-etablissements-de-sante\/wp-content\/uploads\/sites\/3\/2018\/03\/GestionsHospitalieres_couv_571-116x160.png 116w, https:\/\/www.ehesp.fr\/ressources-chaire-management-des-etablissements-de-sante\/wp-content\/uploads\/sites\/3\/2018\/03\/GestionsHospitalieres_couv_571-181x250.png 181w, https:\/\/www.ehesp.fr\/ressources-chaire-management-des-etablissements-de-sante\/wp-content\/uploads\/sites\/3\/2018\/03\/GestionsHospitalieres_couv_571.png 600w\" sizes=\"auto, (max-width: 150px) 100vw, 150px\" \/><\/h3>\n<p>Alors que les groupements hospitaliers de territoire (GHT) ont souffl\u00e9 leur premi\u00e8re bougie et, pour la plupart, port\u00e9 \u00e0 leur convention constitutive un projet m\u00e9dical partag\u00e9 (PMP) et un projet de soins partag\u00e9 (PSP), la chaire Management des \u00e9tablissements de sant\u00e9 de l\u2019EHESP livre ici une synth\u00e8se des exemples et r\u00e9ponses \u00e9chang\u00e9s entre professionnels et chercheurs autour de questions manag\u00e9riales pr\u00e9gnantes.<\/p>\n<p><a href=\"http:\/\/gestions-hospitalieres.fr\/an-apres-facteurs-de-reussite-ght\/\" target=\"_blank\" rel=\"noopener noreferrer\">Num\u00e9ro 571 <\/a> &#8211; d\u00e9cembre 2017 &#8211; P.638<\/p>\n<p>&nbsp;<\/p>\n<h2>\u00ab\u00a0A la d\u00e9couverte des innovations manag\u00e9riales hospitali\u00e8res \u2013 ce que nous enseignent les acteurs de terrain\u00a0\u00bb, ouvrage collectif<\/h2>\n<p><img loading=\"lazy\" decoding=\"async\" class=\"wp-image-282 alignright\" src=\"https:\/\/www.ehesp.fr\/ressources-chaire-management-des-etablissements-de-sante\/wp-content\/uploads\/sites\/3\/2018\/03\/decouvmanminvielle-282x415-204x300.jpg\" alt=\"\" width=\"151\" height=\"222\" srcset=\"https:\/\/www.ehesp.fr\/ressources-chaire-management-des-etablissements-de-sante\/wp-content\/uploads\/sites\/3\/2018\/03\/decouvmanminvielle-282x415-204x300.jpg 204w, https:\/\/www.ehesp.fr\/ressources-chaire-management-des-etablissements-de-sante\/wp-content\/uploads\/sites\/3\/2018\/03\/decouvmanminvielle-282x415-75x110.jpg 75w, https:\/\/www.ehesp.fr\/ressources-chaire-management-des-etablissements-de-sante\/wp-content\/uploads\/sites\/3\/2018\/03\/decouvmanminvielle-282x415-95x140.jpg 95w, https:\/\/www.ehesp.fr\/ressources-chaire-management-des-etablissements-de-sante\/wp-content\/uploads\/sites\/3\/2018\/03\/decouvmanminvielle-282x415-109x160.jpg 109w, https:\/\/www.ehesp.fr\/ressources-chaire-management-des-etablissements-de-sante\/wp-content\/uploads\/sites\/3\/2018\/03\/decouvmanminvielle-282x415-170x250.jpg 170w, https:\/\/www.ehesp.fr\/ressources-chaire-management-des-etablissements-de-sante\/wp-content\/uploads\/sites\/3\/2018\/03\/decouvmanminvielle-282x415.jpg 282w\" sizes=\"auto, (max-width: 151px) 100vw, 151px\" \/><br \/>\nLes \u00e9tablissements de sant\u00e9 sont soumis \u00e0 des contraintes multiples et intenses. Pour autant, ils s\u2019adaptent, s\u2019approprient les r\u00e9formes, parviennent \u00e0 anticiper les \u00e9volutions. Les acteurs de terrain sont bien souvent de v\u00e9ritables \u00ab lanceurs d\u2019innovations \u00bb, qu\u2019ils parviennent \u00e0 mettre en place autour de valeurs collectives fortes. Quels enseignements tirer de leur exp\u00e9rience ? Une fois l\u2019imp\u00e9rieuse n\u00e9cessit\u00e9 d\u2019\u00e9voluer entendue, comment faire concr\u00e8tement ?<\/p>\n<p>\u00c0 travers douze fiches pratiques, des \u00e9quipes d\u00e9crivent les exp\u00e9rimentations qu\u2019elles ont men\u00e9es, analysent leurs retomb\u00e9es et r\u00e9v\u00e8lent les facteurs facilitants.<\/p>\n<p>+ d&rsquo;infos : <a href=\"https:\/\/www.presses.ehesp.fr\/produit\/a-la-decouverte-des-innovations-manageriales-hospitalieres\/\" target=\"_blank\" rel=\"noopener noreferrer\">ici<\/a><\/p>\n<h2>\u00ab\u00a0L\u2019innovation manag\u00e9riales \u00e0 l\u2019h\u00f4pital \u2013 14 cas de mise en \u0153uvre\u00a0\u00bb, ouvrage collectif<\/h2>\n<p><img loading=\"lazy\" decoding=\"async\" class=\" wp-image-285 alignright\" src=\"https:\/\/www.ehesp.fr\/ressources-chaire-management-des-etablissements-de-sante\/wp-content\/uploads\/sites\/3\/2018\/03\/InnovManag_TN-194x300.jpg\" alt=\"\" width=\"130\" height=\"201\" srcset=\"https:\/\/www.ehesp.fr\/ressources-chaire-management-des-etablissements-de-sante\/wp-content\/uploads\/sites\/3\/2018\/03\/InnovManag_TN-194x300.jpg 194w, https:\/\/www.ehesp.fr\/ressources-chaire-management-des-etablissements-de-sante\/wp-content\/uploads\/sites\/3\/2018\/03\/InnovManag_TN-71x110.jpg 71w, https:\/\/www.ehesp.fr\/ressources-chaire-management-des-etablissements-de-sante\/wp-content\/uploads\/sites\/3\/2018\/03\/InnovManag_TN-90x140.jpg 90w, https:\/\/www.ehesp.fr\/ressources-chaire-management-des-etablissements-de-sante\/wp-content\/uploads\/sites\/3\/2018\/03\/InnovManag_TN-103x160.jpg 103w, https:\/\/www.ehesp.fr\/ressources-chaire-management-des-etablissements-de-sante\/wp-content\/uploads\/sites\/3\/2018\/03\/InnovManag_TN-161x250.jpg 161w, https:\/\/www.ehesp.fr\/ressources-chaire-management-des-etablissements-de-sante\/wp-content\/uploads\/sites\/3\/2018\/03\/InnovManag_TN.jpg 328w\" sizes=\"auto, (max-width: 130px) 100vw, 130px\" \/><br \/>\nL\u2019innovation manag\u00e9riale est consid\u00e9r\u00e9e comme un facteur cl\u00e9 de succ\u00e8s pour assurer la p\u00e9rennit\u00e9 et la performance des organisations et des entreprises.<br \/>\nDans ce contexte, cet ouvrage fait le point sur la situation en dressant un \u00e9tat des lieux des diff\u00e9rentes formes d\u2019innovations manag\u00e9riales possibles : \u2022la cr\u00e9ation de nouvelles entit\u00e9s organisationnelles<br \/>\n\u2022le d\u00e9veloppement de nouvelles relations organisationnelles entre les acteurs<br \/>\n\u2022le d\u00e9veloppement de nouvelles relations avec les patients<br \/>\n\u2022la transformation organisationnelle.<\/p>\n<p>Les contributions r\u00e9dig\u00e9es par des acteurs de terrain et mises en perspective avec un regard acad\u00e9mique permettent d\u2019appr\u00e9hender la dynamique globale du processus d\u2019innovation. Tous les professionnels concern\u00e9s par l\u2019innovation manag\u00e9riale \u00e0 l\u2019h\u00f4pital trouveront dans ce livre des principes m\u00e9thodologiques concrets pour faire \u00e9voluer leurs pratiques.<\/p>\n<p>+ d&rsquo;infos : <a href=\"https:\/\/www.dunod.com\/sciences-humaines-et-sociales\/innovation-manageriale-hopital-14-cas-mise-en-oeuvre\" target=\"_blank\" rel=\"noopener noreferrer\">ici<\/a><\/p>\n<h2>\u00ab\u00a0Le management de p\u00f4les \u00e0 l\u2019h\u00f4pital\u00a0\u00bb, ouvrage collectif<\/h2>\n<p><img loading=\"lazy\" decoding=\"async\" class=\" wp-image-288 alignright\" src=\"https:\/\/www.ehesp.fr\/ressources-chaire-management-des-etablissements-de-sante\/wp-content\/uploads\/sites\/3\/2018\/03\/ManagPoles_TN-193x300.jpg\" alt=\"\" width=\"130\" height=\"202\" srcset=\"https:\/\/www.ehesp.fr\/ressources-chaire-management-des-etablissements-de-sante\/wp-content\/uploads\/sites\/3\/2018\/03\/ManagPoles_TN-193x300.jpg 193w, https:\/\/www.ehesp.fr\/ressources-chaire-management-des-etablissements-de-sante\/wp-content\/uploads\/sites\/3\/2018\/03\/ManagPoles_TN-71x110.jpg 71w, https:\/\/www.ehesp.fr\/ressources-chaire-management-des-etablissements-de-sante\/wp-content\/uploads\/sites\/3\/2018\/03\/ManagPoles_TN-90x140.jpg 90w, https:\/\/www.ehesp.fr\/ressources-chaire-management-des-etablissements-de-sante\/wp-content\/uploads\/sites\/3\/2018\/03\/ManagPoles_TN-103x160.jpg 103w, https:\/\/www.ehesp.fr\/ressources-chaire-management-des-etablissements-de-sante\/wp-content\/uploads\/sites\/3\/2018\/03\/ManagPoles_TN-161x250.jpg 161w, https:\/\/www.ehesp.fr\/ressources-chaire-management-des-etablissements-de-sante\/wp-content\/uploads\/sites\/3\/2018\/03\/ManagPoles_TN.jpg 327w\" sizes=\"auto, (max-width: 130px) 100vw, 130px\" \/>La r\u00e9organisation de la gouvernance des \u00e9tablissements de sant\u00e9 a eu des effets restructurants sur le r\u00f4le et le positionnement des acteurs.<br \/>\nAinsi le p\u00f4le constitue l&rsquo;unit\u00e9 de base du management et le lieu de d\u00e9clinaison de la strat\u00e9gie m\u00e9dicale. Le contrat de p\u00f4le, qui d\u00e9finit le champ et les modalit\u00e9s de la d\u00e9l\u00e9gation de gestion, devient l&rsquo;outil privil\u00e9gi\u00e9 du pilotage interne. Le d\u00e9cret du 11 juin 2010 exige ainsi que tous les praticiens nomm\u00e9s aux fonctions de chef de p\u00f4le suivent une formation manag\u00e9riale.<br \/>\nCet ouvrage, dirig\u00e9 dans le cadre de la Chaire de management de sant\u00e9 cr\u00e9\u00e9e en 2011 \u00e0 l&rsquo;EHESP, a vocation \u00e0 devenir un manuel de r\u00e9f\u00e9rence pour la formation des \u00e9quipes dirigeantes et des cadres des \u00e9tablissements de sant\u00e9.<\/p>\n<p>+ d&rsquo;infos : <a href=\"https:\/\/www.dunod.com\/sciences-humaines-et-sociales\/management-poles-hopital-regards-croises-enjeux-et-defis\" target=\"_blank\" rel=\"noopener noreferrer\">ici<\/a><\/p>\n<h2>Recherche en management hospitalier et parcours doctoral en sciences de gestion<\/h2>\n<p><strong>Anne Girault<\/strong>, laur\u00e9ate en 2013 du premier contrat doctoral financ\u00e9 par la chaire Management des \u00e9tablissements, a brillamment soutenu sa th\u00e8se de doctorat le 3 octobre 2018 \u00e0 Paris<\/p>\n<p>Ses travaux, r\u00e9alis\u00e9s au sein de l&rsquo;<a href=\"https:\/\/www.ehesp.fr\/recherche\/organisation-de-la-recherche\/unites-labellisees\/management-des-organisations-de-sante\/\">EA 7348 MOS<\/a>, avec l&rsquo;appui du <a href=\"https:\/\/www.ehesp.fr\/recherche\/doctorat\/reseau-doctoral\/\" target=\"_blank\" rel=\"noopener noreferrer\">r\u00e9seau doctoral en sant\u00e9 publique<\/a> de l&rsquo;EHESP ainsi que l&rsquo;ED 393 \u00ab\u00a0Pierre Louis\u00a0\u00bb, s&rsquo;intitulent :<\/p>\n<p><strong>\u00a0\u00ab\u00a0Processus d\u2019impl\u00e9mentation d\u2019une r\u00e9forme du mode de financement des \u00e9tablissements de sant\u00e9 : L\u2019exp\u00e9rimentation de paiement \u00e0 la qualit\u00e9\u00a0\u00bb<\/strong><\/p>\n<p class=\"hide-if-no-js\"><a id=\"set-post-thumbnail\" class=\"thickbox\" href=\"https:\/\/www.ehesp.fr\/ressources-chaire-management-des-etablissements-de-sante\/wp-admin\/media-upload.php?post_id=2&amp;type=image&amp;TB_iframe=1\"><img loading=\"lazy\" decoding=\"async\" class=\"attachment-266x266 size-266x266\" src=\"https:\/\/www.ehesp.fr\/ressources-chaire-management-des-etablissements-de-sante\/wp-content\/uploads\/sites\/3\/2018\/10\/20181003_TheseAG.jpg\" alt=\"\" width=\"266\" height=\"159\" \/><\/a><\/p>\n<p><em>Mercredi 3 octobre 2018 \u00e0 10h30, la salle des th\u00e8ses du Campus des Cordeliers, 15 rue de l\u2019\u00e9cole de m\u00e9decine, 75006 Paris<\/em><\/p>\n<p>Jury compos\u00e9 de :<br \/>\nProfesseur Christophe Baret, Universit\u00e9 d\u2019Aix-Marseille (Rapporteur)<br \/>\nProfesseur Thierry Nobre, Universit\u00e9 de Strasbourg (Rapporteur)<br \/>\nProfesseur Katharina Janus, Columbia University (Examinateur)<br \/>\nDocteur Catherine Grenier, Haute Autorit\u00e9 de Sant\u00e9 (Examinateur)<br \/>\nProfesseur Bertrand Guidet, Universit\u00e9 Pierre et Marie Curie (Examinateur)<br \/>\nProfesseur Etienne Minvielle, Ecole des Hautes Etudes en Sant\u00e9 Publique (Directeur)<\/p>\n<p><em>\u00a0<\/em><\/p>\n<p>Dans le cadre de ses travaux de th\u00e8se de doctorat sur l&rsquo;<strong><span style=\"color: #4187dc\">impact organisationnel des nouveaux modes de paiement<\/span><\/strong>, ses derni\u00e8res publications sont:<\/p>\n<ul>\n<li><strong>\u00ab\u00a0<\/strong><em><strong>Entre dynamique d\u2019am\u00e9lioration de la qualit\u00e9 des soins et conformisme administratif : comportements des \u00e9tablissements de sant\u00e9 fran\u00e7ais face au paiement \u00e0 la performance (P4P)\u00a0\u00bb.<\/strong> <\/em><\/li>\n<\/ul>\n<p><em><span id=\"iso-690\" class=\"blue_milk\"><span class=\"UpperCase\">Girault<\/span> Anne, <span class=\"UpperCase\">Gerv\u00e8s-Pinqui\u00e9<\/span> Chlo\u00e9,\u00a0 Moisdon Jean-Claude, <span class=\"UpperCase\">Minvielle<\/span> \u00c9tienne, <i>Healthcare Policy<\/i>, 2019 (14), p. 78-92. DOI : <a href=\"https:\/\/www.longwoods.com\/content\/25791\" target=\"_blank\" rel=\"noopener noreferrer\">10.12927\/hcpol.2019.25791<\/a>. <\/span><\/em><\/p>\n<ul>\n<li><strong>\u00ab\u00a0<\/strong><em><strong>Economic evaluation of patient navigation programs in colorectal cancer care, a systematic review\u00a0\u00bb<\/strong> <\/em><\/li>\n<\/ul>\n<p><em><span id=\"iso-690\" class=\"blue_milk\"><span class=\"UpperCase\">Gerv\u00e8s-Pinqui\u00e9 Chlo\u00e9, Girault<\/span> Anne,\u00a0 Philips Serena, <span class=\"UpperCase\">Raskin Sarah, Pratt-Chapman Mandi<\/span>, <i>Health Economics Review<\/i>, 2018 (8), p. 1-12. DOI : <a href=\"https:\/\/link.springer.com\/article\/10.1186\/s13561-018-0196-4\" target=\"_blank\" rel=\"noopener noreferrer\">10.1186\/s13561-018-0196-4<\/a>. <\/span><\/em><\/p>\n<ul>\n<li><strong>\u00ab\u00a0Les modes de paiements \u00e0 la coordination : <\/strong><em><strong>\u00c9tat des lieux et pistes pour une application en France\u00a0\u00bb.<\/strong> <\/em><\/li>\n<\/ul>\n<p><em><span id=\"iso-690\" class=\"blue_milk\"><span class=\"UpperCase\">Girault<\/span> Anne, <span class=\"UpperCase\">Gerv\u00e8s-Pinqui\u00e9<\/span> Chlo\u00e9, <span class=\"UpperCase\">Minvielle<\/span> \u00c9tienne, <i>Journal de gestion et d&rsquo;\u00e9conomie m\u00e9dicales<\/i>, 2017\/2 (Vol. 35), p. 109-127. DOI : 10.3917\/jgem.172.0109. <\/span><\/em><span id=\"iso-690\" class=\"blue_milk\"><\/span><\/p>\n<p><span id=\"iso-690\" class=\"blue_milk\"><\/span><span id=\"iso-690\" class=\"blue_milk\">URL : <\/span><span id=\"iso-690\" class=\"blue_milk\"><a href=\"https:\/\/www.cairn.info\/revue-journal-de-gestion-et-d-economie-medicales-2017-2-page-109.htm\" target=\"_blank\" rel=\"noopener noreferrer\">https:\/\/www.cairn.info\/revue-journal-de-gestion-et-d-economie-medicales-2017-2-page-109.htm <\/a><\/span><span id=\"iso-690\" class=\"blue_milk\"><\/span><\/p>\n<ul>\n<li><strong>\u00ab\u00a0<em>Implementing hospital pay-for-performance: lessons learned from the French pilot program.<\/em><\/strong><em><strong>\u00ab\u00a0.<\/strong> <\/em><\/li>\n<\/ul>\n<p><em><span id=\"iso-690\" class=\"blue_milk\"><span class=\"UpperCase\">Girault<\/span> Anne, <span class=\"UpperCase\">Bellanger<\/span> Martine, Lallou\u00e9 Beno\u00eet, Loirat Philippe, Moisdon Jean-Claude, <span class=\"UpperCase\">Minvielle<\/span> \u00c9tienne, <i>Health Policy<\/i>, 2017, 121(4), p. 407-417. DOI :<a href=\"https:\/\/doi.org\/10.1016\/j.healthpol.2017.01.007\" target=\"_blank\" rel=\"noopener noreferrer\">10.1016\/j.healthpol.2017.01.007<\/a>. <\/span><\/em><span id=\"iso-690\" class=\"blue_milk\"><\/span><span id=\"iso-690\" class=\"blue_milk\"><\/span><span id=\"iso-690\" class=\"blue_milk\"><\/span><\/p>\n<p>&nbsp;<\/p>\n","protected":false},"excerpt":{"rendered":"<p>Dossiers publi\u00e9s dans Gestions hospitali\u00e8res Plusieurs rencontres professionnels-chercheurs de la chaire ont donn\u00e9 lieu \u00e0 la publication d&rsquo;articles de synth\u00e8se et analyse des retours d&rsquo;exp\u00e9rience, dont le dernier est :&#8230;<br \/><a class=\"more-link\" href=\"https:\/\/www.ehesp.fr\/ressources-chaire-management-des-etablissements-de-sante\/1-articles-et-publications\/\">Read more &raquo;<\/a><\/p>\n","protected":false},"author":1,"featured_media":0,"parent":0,"menu_order":0,"comment_status":"closed","ping_status":"closed","template":"","meta":{"footnotes":""},"class_list":["post-7","page","type-page","status-publish","hentry"],"_links":{"self":[{"href":"https:\/\/www.ehesp.fr\/ressources-chaire-management-des-etablissements-de-sante\/wp-json\/wp\/v2\/pages\/7","targetHints":{"allow":["GET"]}}],"collection":[{"href":"https:\/\/www.ehesp.fr\/ressources-chaire-management-des-etablissements-de-sante\/wp-json\/wp\/v2\/pages"}],"about":[{"href":"https:\/\/www.ehesp.fr\/ressources-chaire-management-des-etablissements-de-sante\/wp-json\/wp\/v2\/types\/page"}],"author":[{"embeddable":true,"href":"https:\/\/www.ehesp.fr\/ressources-chaire-management-des-etablissements-de-sante\/wp-json\/wp\/v2\/users\/1"}],"replies":[{"embeddable":true,"href":"https:\/\/www.ehesp.fr\/ressources-chaire-management-des-etablissements-de-sante\/wp-json\/wp\/v2\/comments?post=7"}],"version-history":[{"count":21,"href":"https:\/\/www.ehesp.fr\/ressources-chaire-management-des-etablissements-de-sante\/wp-json\/wp\/v2\/pages\/7\/revisions"}],"predecessor-version":[{"id":648,"href":"https:\/\/www.ehesp.fr\/ressources-chaire-management-des-etablissements-de-sante\/wp-json\/wp\/v2\/pages\/7\/revisions\/648"}],"wp:attachment":[{"href":"https:\/\/www.ehesp.fr\/ressources-chaire-management-des-etablissements-de-sante\/wp-json\/wp\/v2\/media?parent=7"}],"curies":[{"name":"wp","href":"https:\/\/api.w.org\/{rel}","templated":true}]}}